{"id":2,"date":"2019-11-27T19:15:25","date_gmt":"2019-11-27T19:15:25","guid":{"rendered":"https:\/\/reiner-mohlfeld.de\/?page_id=2"},"modified":"2019-11-27T20:39:38","modified_gmt":"2019-11-27T20:39:38","slug":"sample-page","status":"publish","type":"page","link":"https:\/\/reiner-mohlfeld.de\/","title":{"rendered":"Reiner Mohlfeld"},"content":{"rendered":"\n<p>                              <strong> Ihr Partner f\u00fcr individuelle L\u00f6sungen<\/strong><\/p>\n\n\n\n<p><\/p>\n\n\n\n<p>Suchen Sie individuelle, qualit\u00e4tsgerechte L\u00f6sungen, dann sind  Sie bei der Firma    <\/p>\n\n\n\n<p class=\"has-text-align-center\">  <br><strong>     Reiner Mohlfeld, Schmiedestr. 5, 31036 Eime &#8211; Deinsen, <\/strong><br>Tel. 05185  957323 <br>    .\u00a0<\/p>\n\n\n\n<p>an der richtigen Adresse <\/p>\n\n\n\n<p><strong>Hohe Qualit\u00e4t, Zuverl\u00e4ssigkeit und Termintreue geh\u00f6ren bei  mir zur Selbstverst\u00e4ndlichkeit.<\/strong><\/p>\n\n\n\n<figure class=\"wp-block-image size-large is-resized\"><img loading=\"lazy\" src=\"https:\/\/reiner-mohlfeld.de\/wp-content\/uploads\/2019\/11\/logo-1.jpg\" alt=\"\" class=\"wp-image-13\" width=\"563\" height=\"269\" srcset=\"https:\/\/reiner-mohlfeld.de\/wp-content\/uploads\/2019\/11\/logo-1.jpg 404w, https:\/\/reiner-mohlfeld.de\/wp-content\/uploads\/2019\/11\/logo-1-300x143.jpg 300w\" sizes=\"(max-width: 563px) 100vw, 563px\" \/><\/figure>\n\n\n\n<p><\/p>\n","protected":false},"excerpt":{"rendered":"<p>Ihr Partner f\u00fcr individuelle L\u00f6sungen Suchen Sie individuelle, qualit\u00e4tsgerechte L\u00f6sungen, dann sind Sie bei der Firma Reiner Mohlfeld, Schmiedestr. 5, 31036 Eime &#8211; Deinsen, Tel. 05185 957323 .\u00a0 an der richtigen Adresse Hohe Qualit\u00e4t, Zuverl\u00e4ssigkeit und Termintreue geh\u00f6ren bei mir &hellip; <a href=\"https:\/\/reiner-mohlfeld.de\/\">Weiterlesen <span class=\"meta-nav\">&rarr;<\/span><\/a><\/p>\n","protected":false},"author":1,"featured_media":0,"parent":0,"menu_order":0,"comment_status":"closed","ping_status":"open","template":"","meta":[],"_links":{"self":[{"href":"https:\/\/reiner-mohlfeld.de\/index.php?rest_route=\/wp\/v2\/pages\/2"}],"collection":[{"href":"https:\/\/reiner-mohlfeld.de\/index.php?rest_route=\/wp\/v2\/pages"}],"about":[{"href":"https:\/\/reiner-mohlfeld.de\/index.php?rest_route=\/wp\/v2\/types\/page"}],"author":[{"embeddable":true,"href":"https:\/\/reiner-mohlfeld.de\/index.php?rest_route=\/wp\/v2\/users\/1"}],"replies":[{"embeddable":true,"href":"https:\/\/reiner-mohlfeld.de\/index.php?rest_route=%2Fwp%2Fv2%2Fcomments&post=2"}],"version-history":[{"count":7,"href":"https:\/\/reiner-mohlfeld.de\/index.php?rest_route=\/wp\/v2\/pages\/2\/revisions"}],"predecessor-version":[{"id":26,"href":"https:\/\/reiner-mohlfeld.de\/index.php?rest_route=\/wp\/v2\/pages\/2\/revisions\/26"}],"wp:attachment":[{"href":"https:\/\/reiner-mohlfeld.de\/index.php?rest_route=%2Fwp%2Fv2%2Fmedia&parent=2"}],"curies":[{"name":"wp","href":"https:\/\/api.w.org\/{rel}","templated":true}]}}